{"id":1072,"date":"2020-11-14T21:43:11","date_gmt":"2020-11-14T18:43:11","guid":{"rendered":"http:\/\/www.farklarsozlugu.com\/?page_id=1072"},"modified":"2020-11-14T21:55:59","modified_gmt":"2020-11-14T18:55:59","slug":"hakkimizda","status":"publish","type":"page","link":"https:\/\/www.farklarsozlugu.com\/index.php\/hakkimizda\/","title":{"rendered":"HAKKIMIZDA"},"content":{"rendered":"\n<p>\u201cHi\u00e7bir kelime bir di\u011ferinin ayn\u0131s\u0131 de\u011fildir\u201d d\u00fcsturuyla \u00e7\u0131kt\u0131k yola. Anlam olarak birbirlerine en yak\u0131n kelimelerin bile aralar\u0131nda kimi zaman \u00e7ok b\u00fcy\u00fck kimi zaman da n\u00fcans farkl\u0131l\u0131klar\u0131n\u0131n oldu\u011funu ke\u015ffettik. Bu detaylar\u0131n \u00f6nemsiz oldu\u011fu ya da bir i\u015fe yaramayaca\u011f\u0131 d\u00fc\u015f\u00fcn\u00fclebilir. Ama bu d\u00fc\u015f\u00fcnce hakikat miyoplu\u011fundan kaynaklanan tembel bir bak\u0131\u015f a\u00e7\u0131s\u0131d\u0131r sadece. \u00c7\u00fcnk\u00fc kelime, medeniyetin di\u011fer ad\u0131d\u0131r. Ve kelimeleri bilmek medeniyet in\u015fas\u0131n\u0131n en temel kural\u0131d\u0131r.<\/p>\n\n\n\n<p>Dil olmadan d\u00fc\u015f\u00fcnce, d\u00fc\u015f\u00fcnce olmadan da dilden bahsedilemez. \u0130kisi birbirinin sebep ve sonucudur. Hangisi daha \u00f6nemlidir bilinemez ama ayr\u0131lamaz olu\u015flar\u0131 birinin yoklu\u011funu di\u011ferinin yok olu\u015fu k\u0131lar. Tarih d\u00fc\u015f\u00fcnme kabiliyetini kaybetmi\u015f bir insan toplulu\u011fu ile bug\u00fcne kadar hi\u00e7 kar\u015f\u0131la\u015fmad\u0131. Ama dili olmayan ya da neredeyse dilsiz topluluklar pek \u00e7ok defa var oldu. Bu topluluklar\u0131n en b\u00fcy\u00fck eksi\u011fi kelimeydi. \u015eayet kelimeleri olsayd\u0131 zaten d\u00fc\u015f\u00fcnebileceklerdi. \u00c7\u00fcnk\u00fc dil, y\u00fcksek kalibre kelime \u00f6beklerinden ba\u015fka bir \u015fey de\u011fildir. Kelimelere de\u011fer veren her d\u00fc\u015f\u00fcnce adam\u0131n\u0131n as\u0131l kastetti\u011fi \u015fey budur. Ne kadar \u00e7ok kelime o kadar g\u00fc\u00e7l\u00fc d\u00fc\u015f\u00fcnce demektir. Ve ne kadar g\u00fc\u00e7l\u00fc d\u00fc\u015f\u00fcnce o kadar fazla ilerleme ve geli\u015fim anlam\u0131na gelir.<\/p>\n\n\n\n<p>Amac\u0131m\u0131z \u00f6ncelikle bunu ger\u00e7ekle\u015ftirmek. Kelime bilgisini artt\u0131rarak d\u00fc\u015f\u00fcn d\u00fcnyam\u0131za ivme kazand\u0131rmak. Bununla beraber g\u00fcndelik dilimizi zenginle\u015ftirerek, kendimizi daha iyi ifade edebilecek ve dolay\u0131s\u0131yla daha iyi ileti\u015fim kurabilecek bir k\u0131vama ula\u015fmak. Ayn\u0131 zamanda kavram karga\u015fas\u0131n\u0131 yok ederek her kelimeyi ait oldu\u011fu yere koymak, sahip oldu\u011fu de\u011feri vermek. Bunlar\u0131 yaparken dilden anlad\u0131\u011f\u0131m\u0131z \u015feyin ne oldu\u011funu da a\u00e7\u0131k\u00e7a ifade etmek gerekir; bizim i\u00e7in dil, anlam\u0131n\u0131 bildi\u011fimiz ve g\u00fcndelik olarak zorlanmad\u0131\u011f\u0131m\u0131z kelimelerden olu\u015fan bir ileti\u015fim arac\u0131d\u0131r. Hal b\u00f6yleyken k\u00f6k\u00fc her ne olursa olsun dilimize kat\u0131lan t\u00fcm kelimeler bizimdir, bize aittir ve kullan\u0131lmaya de\u011ferdir.&nbsp;<\/p>\n","protected":false},"excerpt":{"rendered":"<p>\u201cHi\u00e7bir kelime bir di\u011ferinin ayn\u0131s\u0131 de\u011fildir\u201d d\u00fcsturuyla \u00e7\u0131kt\u0131k yola. Anlam olarak birbirlerine en yak\u0131n kelimelerin bile aralar\u0131nda kimi zaman \u00e7ok b\u00fcy\u00fck kimi zaman da n\u00fcans farkl\u0131l\u0131klar\u0131n\u0131n oldu\u011funu ke\u015ffettik. Bu detaylar\u0131n \u00f6nemsiz oldu\u011fu ya da bir i\u015fe yaramayaca\u011f\u0131 d\u00fc\u015f\u00fcn\u00fclebilir. Ama bu d\u00fc\u015f\u00fcnce hakikat miyoplu\u011fundan kaynaklanan tembel bir bak\u0131\u015f a\u00e7\u0131s\u0131d\u0131r sadece. \u00c7\u00fcnk\u00fc kelime, medeniyetin di\u011fer ad\u0131d\u0131r. Ve [&hellip;]<\/p>\n","protected":false},"author":2,"featured_media":0,"parent":0,"menu_order":0,"comment_status":"closed","ping_status":"closed","template":"pages\/page-full.php","meta":[],"aioseo_notices":[],"_links":{"self":[{"href":"https:\/\/www.farklarsozlugu.com\/index.php\/wp-json\/wp\/v2\/pages\/1072"}],"collection":[{"href":"https:\/\/www.farklarsozlugu.com\/index.php\/wp-json\/wp\/v2\/pages"}],"about":[{"href":"https:\/\/www.farklarsozlugu.com\/index.php\/wp-json\/wp\/v2\/types\/page"}],"author":[{"embeddable":true,"href":"https:\/\/www.farklarsozlugu.com\/index.php\/wp-json\/wp\/v2\/users\/2"}],"replies":[{"embeddable":true,"href":"https:\/\/www.farklarsozlugu.com\/index.php\/wp-json\/wp\/v2\/comments?post=1072"}],"version-history":[{"count":2,"href":"https:\/\/www.farklarsozlugu.com\/index.php\/wp-json\/wp\/v2\/pages\/1072\/revisions"}],"predecessor-version":[{"id":1084,"href":"https:\/\/www.farklarsozlugu.com\/index.php\/wp-json\/wp\/v2\/pages\/1072\/revisions\/1084"}],"wp:attachment":[{"href":"https:\/\/www.farklarsozlugu.com\/index.php\/wp-json\/wp\/v2\/media?parent=1072"}],"curies":[{"name":"wp","href":"https:\/\/api.w.org\/{rel}","templated":true}]}}